{"id":34,"date":"2017-01-30T21:16:10","date_gmt":"2017-01-30T21:16:10","guid":{"rendered":"http:\/\/awokenbeauty.wpengine.com\/?page_id=34\/"},"modified":"2018-03-06T11:02:30","modified_gmt":"2018-03-06T16:02:30","slug":"quien-soy","status":"publish","type":"page","link":"https:\/\/awokenbeauty.com\/es\/quien-soy\/","title":{"rendered":"Qui\u00e9n soy"},"content":{"rendered":"<h2>Kelly Swartz Holistic Health Coach<\/h2>\n<p>\u00a1Hola!<\/p>\n<p>\u00a1Bienvenid@s!<\/p>\n<p>Me llamo Kelly Swartz, aunque en algunos lugares me encontrar\u00e1s como Kelly A.K. o Kelly Aro. Como muchos de ustedes, yo tambi\u00e9n he utilizado distintos disfraces (y nombres) en momentos espec\u00edficos de mi vida.<\/p>\n<p>Soy una viajera empedernida y siento que estoy en movimiento constante en mi traves\u00eda para aprender y siempre compartir con otros lo que aprendo y soy. Empec\u00e9 a considerarme una persona \u201csaludable\u201d desde que mi mam\u00e1 me sub\u00eda a la caminadora cuando estaba de malas y me dec\u00eda: \u201c\u00a1es mejor hacer ejercicio que dieta!\u201d, aunque a pesar de su advertencia s\u00ed acab\u00e9 haciendo dietas muchas veces. En una ocasi\u00f3n estaba entrenando para un marat\u00f3n y segu\u00eda subiendo de peso; tambi\u00e9n lidiaba con una gran p\u00e9rdida y, como la cereza del pastel, un desbalance hormonal. Ah\u00ed fue la primera vez que aprend\u00ed que el no comer suficiente puede hacerte subir de peso y que no todas las calor\u00edas son iguales. \u00a1Un concepto tan b\u00e1sico y que cambia la vida por completo!<\/p>\n<p>\u00a1Tambi\u00e9n era fumadora! Hac\u00eda ejercicio, com\u00eda ensaladas, meditaba \u00a1y fumaba! As\u00ed que entiendo que los h\u00e1bitos da\u00f1inos pueden existir dentro de un espectro de salud.<\/p>\n<p>He probado muchas formas distintas de ejercicio que incluyen correr, baile de tubo, clases de barra, artes marciales y baile swing. El siguiente en mi lista: \u00a1escalar!<\/p>\n<p>Mi traves\u00eda hacia lo que es el Ser Er\u00f3tico y el conocer m\u00e1s sobre sexualidad comenz\u00f3 hace muchas lunes, cuando empezaba a entender que todos somos seres er\u00f3ticos. Aprend\u00ed mucho de libros y personas, de talleres y de la vida misma. Pronto me di cuenta de que existe una incongruencia en quienes somos, como entes sexuales, y c\u00f3mo vivimos nuestras vidas sexuales, y mucho de eso tiene que ver con la ignorancia, expectativas falsas y, m\u00e1s que nada, con el silencio. Yo soy una ferviente creyente de que tener una vida sexual sana tiene un gran impacto en el resto de tu d\u00eda \u00a1y noche! sin embargo la mayor\u00eda de las personas lo dejan en la parte de atr\u00e1s de su mente, pensando que si lo ignoran har\u00e1n que el problema se evapore.<\/p>\n<p>Es por esto que innumerables personas, desde mi \u00e9poca universitaria hasta ahora, se me acercaban para buscar consejos, un escucha sincera, nada de juicio para sus historias, etc.<\/p>\n<p>Soy mexicana y en la actualidad resido en Toronto, Canad\u00e1. Tambi\u00e9n he vivido en Nueva York, Berl\u00edn, Sao Paulo y Jerusal\u00e9n. Me gradu\u00e9 del <a href=\"http:\/\/www.integrativenutrition.com\/\" target=\"_blank\" rel=\"noopener noreferrer\">Institute of Integrative Nutrition<\/a> en Holistic Health Coaching y tambi\u00e9n estoy terminando mi doctorado en literatura comparada en el <a href=\"https:\/\/www.gc.cuny.edu\/Home\" target=\"_blank\" rel=\"noopener noreferrer\">Graduate Center<\/a> de CUNY.<\/p>\n<p>Tengo algunos idiomas en el bolsillo, al igual que algunos talentos. Soy <a href=\"http:\/\/blog.kidbox.com\/author\/kellyakswartz\/\" target=\"_blank\" rel=\"noopener noreferrer\">escritora<\/a> y he publicado dos libros: <a href=\"https:\/\/www.amazon.com\/espera-Seducci%C3%B3n-bellas-durmientes-Spanish-ebook\/dp\/B00BSXSTRY\/ref=sr_1_1?ie=UTF8&amp;qid=1492736861&amp;sr=8-1&amp;keywords=la+espera+textofilia\" target=\"_blank\" rel=\"noopener noreferrer\">La Espera<\/a> y <a href=\"https:\/\/www.amazon.com\/Est%C3%ADo-en-can%C3%ADcula-Spanish-Kelly\/dp\/1481071785\/ref=sr_1_1?ie=UTF8&amp;qid=1492736915&amp;sr=8-1&amp;keywords=estio+en+la+canicula\" target=\"_blank\" rel=\"noopener noreferrer\">Est\u00edo en la Can\u00edcula<\/a>. He sido maestra de preparatoria (\u00a1el trabajo m\u00e1s escalofriante!), profesora universitaria, conductora de radio, <a href=\"https:\/\/www.youtube.com\/watch?v=9Wpj6ESDGYU\" target=\"_blank\" rel=\"noopener noreferrer\">conductora de televisi\u00f3n<\/a>, he escrito guiones, soy traductora, <a href=\"https:\/\/www.youtube.com\/watch?v=kHZ76Q1LftM\" target=\"_blank\" rel=\"noopener noreferrer\">lectora<\/a> empedernida, Reiki Master, <a href=\"https:\/\/www.youtube.com\/watch?v=bQtvyaj18tY\" target=\"_blank\" rel=\"noopener noreferrer\">tejedora<\/a> amorosa y una estudiante eterna.<\/p>\n<p>Tambi\u00e9n soy Erotic Experto y Health Coach, y es probable que esa sea la raz\u00f3n por la que est\u00e1s visitando mi p\u00e1gina. He hecho investigaci\u00f3n, <a href=\"http:\/\/parentesisk.blogspot.ca\/2010\/06\/erase-una-vez-la-pornografia-texto.html\" target=\"_blank\" rel=\"noopener noreferrer\">escrito<\/a>, dado talleres, presentado <a href=\"https:\/\/youtu.be\/x22E7hHlX0Y\" target=\"_blank\" rel=\"noopener noreferrer\">pl\u00e1ticas<\/a> y <a href=\"https:\/\/www.youtube.com\/watch?v=sS4qW3DfBZ0\" target=\"_blank\" rel=\"noopener noreferrer\">dado conferencias<\/a> en temas relacionados a la sexualidad, erotismo, literatura er\u00f3tica, pornograf\u00eda y auto seducci\u00f3n.<\/p>\n<p>Fermento humanos y despu\u00e9s ellos son los tiranos de mi existencia. Soy la esclava de una muy singular, inteligente y divertida dragona llamada Danielle Olivia que tiene 2.5 a\u00f1os. Tambi\u00e9n estoy bajo el escrutinio de un dulc\u00edsimo y delicioso dragoncito de mar de un a\u00f1o llamado Solal Winter. Soy la esposa y amante del hombre m\u00e1s maravilloso llamado Andrew, quien me propuso matrimonio despu\u00e9s de conocerme diez d\u00edas. Y Lola, mi perrita, es mi primer amor.<\/p>\n<p>\u00a1Me emociona mucho acompa\u00f1arte en esta traves\u00eda para volverte la versi\u00f3n m\u00e1s llena, alegre, sana y exitosa de ti mism@!<\/p>\n<p>&nbsp;<\/p>\n","protected":false},"excerpt":{"rendered":"<p>Kelly Swartz Holistic Health Coach \u00a1Hola! \u00a1Bienvenid@s! Me llamo Kelly Swartz, &hellip; <a href=\"https:\/\/awokenbeauty.com\/es\/quien-soy\/\" class=\"more-link\">Continuar leyendo<span class=\"screen-reader-text\"> &#8220;Qui\u00e9n soy&#8221;<\/span><\/a><\/p>\n","protected":false},"author":9,"featured_media":848,"parent":0,"menu_order":0,"comment_status":"closed","ping_status":"closed","template":"page-full-width.php","meta":{"_acf_changed":false,"footnotes":""},"class_list":["post-34","page","type-page","status-publish","has-post-thumbnail","hentry"],"acf":[],"yoast_head":"<!-- This site is optimized with the Yoast SEO plugin v27.5 - https:\/\/yoast.com\/product\/yoast-seo-wordpress\/ -->\n<title>Qui\u00e9n soy &#8211; Awoken Beauty<\/title>\n<meta name=\"robots\" content=\"index, follow, max-snippet:-1, max-image-preview:large, max-video-preview:-1\" \/>\n<link rel=\"canonical\" href=\"https:\/\/awokenbeauty.com\/es\/quien-soy\/\" \/>\n<meta property=\"og:locale\" content=\"es_MX\" \/>\n<meta property=\"og:type\" content=\"article\" \/>\n<meta property=\"og:title\" content=\"Qui\u00e9n soy &#8211; Awoken Beauty\" \/>\n<meta property=\"og:description\" content=\"Kelly Swartz Holistic Health Coach \u00a1Hola! \u00a1Bienvenid@s! Me llamo Kelly Swartz, &hellip; Continuar leyendo &quot;Qui\u00e9n soy&quot;\" \/>\n<meta property=\"og:url\" content=\"https:\/\/awokenbeauty.com\/es\/quien-soy\/\" \/>\n<meta property=\"og:site_name\" content=\"Awoken Beauty\" \/>\n<meta property=\"article:publisher\" content=\"https:\/\/www.facebook.com\/awokenbeauty\/?fref=ts\" \/>\n<meta property=\"article:modified_time\" content=\"2018-03-06T16:02:30+00:00\" \/>\n<meta property=\"og:image\" content=\"https:\/\/awokenbeauty.com\/wp-content\/uploads\/2018\/03\/KellySwartz-books2.jpg\" \/>\n\t<meta property=\"og:image:width\" content=\"2000\" \/>\n\t<meta property=\"og:image:height\" content=\"889\" \/>\n\t<meta property=\"og:image:type\" content=\"image\/jpeg\" \/>\n<meta name=\"twitter:card\" content=\"summary_large_image\" \/>\n<meta name=\"twitter:site\" content=\"@awokenbeauty\" \/>\n<meta name=\"twitter:label1\" content=\"Tiempo de lectura\" \/>\n\t<meta name=\"twitter:data1\" content=\"3 minutos\" \/>\n<script type=\"application\/ld+json\" class=\"yoast-schema-graph\">{\"@context\":\"https:\\\/\\\/schema.org\",\"@graph\":[{\"@type\":\"WebPage\",\"@id\":\"https:\\\/\\\/awokenbeauty.com\\\/es\\\/quien-soy\\\/\",\"url\":\"https:\\\/\\\/awokenbeauty.com\\\/es\\\/quien-soy\\\/\",\"name\":\"Qui\u00e9n soy &#8211; Awoken Beauty\",\"isPartOf\":{\"@id\":\"https:\\\/\\\/awokenbeauty.com\\\/#website\"},\"primaryImageOfPage\":{\"@id\":\"https:\\\/\\\/awokenbeauty.com\\\/es\\\/quien-soy\\\/#primaryimage\"},\"image\":{\"@id\":\"https:\\\/\\\/awokenbeauty.com\\\/es\\\/quien-soy\\\/#primaryimage\"},\"thumbnailUrl\":\"https:\\\/\\\/awokenbeauty.com\\\/wp-content\\\/uploads\\\/2018\\\/03\\\/KellySwartz-books2.jpg\",\"datePublished\":\"2017-01-30T21:16:10+00:00\",\"dateModified\":\"2018-03-06T16:02:30+00:00\",\"breadcrumb\":{\"@id\":\"https:\\\/\\\/awokenbeauty.com\\\/es\\\/quien-soy\\\/#breadcrumb\"},\"inLanguage\":\"es\",\"potentialAction\":[{\"@type\":\"ReadAction\",\"target\":[\"https:\\\/\\\/awokenbeauty.com\\\/es\\\/quien-soy\\\/\"]}]},{\"@type\":\"ImageObject\",\"inLanguage\":\"es\",\"@id\":\"https:\\\/\\\/awokenbeauty.com\\\/es\\\/quien-soy\\\/#primaryimage\",\"url\":\"https:\\\/\\\/awokenbeauty.com\\\/wp-content\\\/uploads\\\/2018\\\/03\\\/KellySwartz-books2.jpg\",\"contentUrl\":\"https:\\\/\\\/awokenbeauty.com\\\/wp-content\\\/uploads\\\/2018\\\/03\\\/KellySwartz-books2.jpg\",\"width\":2000,\"height\":889,\"caption\":\"Kelly Swartz books\"},{\"@type\":\"BreadcrumbList\",\"@id\":\"https:\\\/\\\/awokenbeauty.com\\\/es\\\/quien-soy\\\/#breadcrumb\",\"itemListElement\":[{\"@type\":\"ListItem\",\"position\":1,\"name\":\"Home\",\"item\":\"https:\\\/\\\/awokenbeauty.com\\\/es\\\/\"},{\"@type\":\"ListItem\",\"position\":2,\"name\":\"Qui\u00e9n soy\"}]},{\"@type\":\"WebSite\",\"@id\":\"https:\\\/\\\/awokenbeauty.com\\\/#website\",\"url\":\"https:\\\/\\\/awokenbeauty.com\\\/\",\"name\":\"Awoken Beauty\",\"description\":\"Holistic Health Coach\",\"publisher\":{\"@id\":\"https:\\\/\\\/awokenbeauty.com\\\/#organization\"},\"potentialAction\":[{\"@type\":\"SearchAction\",\"target\":{\"@type\":\"EntryPoint\",\"urlTemplate\":\"https:\\\/\\\/awokenbeauty.com\\\/?s={search_term_string}\"},\"query-input\":{\"@type\":\"PropertyValueSpecification\",\"valueRequired\":true,\"valueName\":\"search_term_string\"}}],\"inLanguage\":\"es\"},{\"@type\":\"Organization\",\"@id\":\"https:\\\/\\\/awokenbeauty.com\\\/#organization\",\"name\":\"Awoken Beauty\",\"url\":\"https:\\\/\\\/awokenbeauty.com\\\/\",\"logo\":{\"@type\":\"ImageObject\",\"inLanguage\":\"es\",\"@id\":\"https:\\\/\\\/awokenbeauty.com\\\/#\\\/schema\\\/logo\\\/image\\\/\",\"url\":\"https:\\\/\\\/awokenbeauty.com\\\/wp-content\\\/uploads\\\/2018\\\/02\\\/awoken-beauty-logo.png\",\"contentUrl\":\"https:\\\/\\\/awokenbeauty.com\\\/wp-content\\\/uploads\\\/2018\\\/02\\\/awoken-beauty-logo.png\",\"width\":380,\"height\":110,\"caption\":\"Awoken Beauty\"},\"image\":{\"@id\":\"https:\\\/\\\/awokenbeauty.com\\\/#\\\/schema\\\/logo\\\/image\\\/\"},\"sameAs\":[\"https:\\\/\\\/www.facebook.com\\\/awokenbeauty\\\/?fref=ts\",\"https:\\\/\\\/x.com\\\/awokenbeauty\",\"https:\\\/\\\/www.instagram.com\\\/awokenbeauty\",\"https:\\\/\\\/www.youtube.com\\\/channel\\\/UC5N43tCH2VEA0NnWcXTaWvQ\"]}]}<\/script>\n<!-- \/ Yoast SEO plugin. -->","yoast_head_json":{"title":"Qui\u00e9n soy &#8211; Awoken Beauty","robots":{"index":"index","follow":"follow","max-snippet":"max-snippet:-1","max-image-preview":"max-image-preview:large","max-video-preview":"max-video-preview:-1"},"canonical":"https:\/\/awokenbeauty.com\/es\/quien-soy\/","og_locale":"es_MX","og_type":"article","og_title":"Qui\u00e9n soy &#8211; Awoken Beauty","og_description":"Kelly Swartz Holistic Health Coach \u00a1Hola! \u00a1Bienvenid@s! Me llamo Kelly Swartz, &hellip; Continuar leyendo \"Qui\u00e9n soy\"","og_url":"https:\/\/awokenbeauty.com\/es\/quien-soy\/","og_site_name":"Awoken Beauty","article_publisher":"https:\/\/www.facebook.com\/awokenbeauty\/?fref=ts","article_modified_time":"2018-03-06T16:02:30+00:00","og_image":[{"width":2000,"height":889,"url":"https:\/\/awokenbeauty.com\/wp-content\/uploads\/2018\/03\/KellySwartz-books2.jpg","type":"image\/jpeg"}],"twitter_card":"summary_large_image","twitter_site":"@awokenbeauty","twitter_misc":{"Tiempo de lectura":"3 minutos"},"schema":{"@context":"https:\/\/schema.org","@graph":[{"@type":"WebPage","@id":"https:\/\/awokenbeauty.com\/es\/quien-soy\/","url":"https:\/\/awokenbeauty.com\/es\/quien-soy\/","name":"Qui\u00e9n soy &#8211; Awoken Beauty","isPartOf":{"@id":"https:\/\/awokenbeauty.com\/#website"},"primaryImageOfPage":{"@id":"https:\/\/awokenbeauty.com\/es\/quien-soy\/#primaryimage"},"image":{"@id":"https:\/\/awokenbeauty.com\/es\/quien-soy\/#primaryimage"},"thumbnailUrl":"https:\/\/awokenbeauty.com\/wp-content\/uploads\/2018\/03\/KellySwartz-books2.jpg","datePublished":"2017-01-30T21:16:10+00:00","dateModified":"2018-03-06T16:02:30+00:00","breadcrumb":{"@id":"https:\/\/awokenbeauty.com\/es\/quien-soy\/#breadcrumb"},"inLanguage":"es","potentialAction":[{"@type":"ReadAction","target":["https:\/\/awokenbeauty.com\/es\/quien-soy\/"]}]},{"@type":"ImageObject","inLanguage":"es","@id":"https:\/\/awokenbeauty.com\/es\/quien-soy\/#primaryimage","url":"https:\/\/awokenbeauty.com\/wp-content\/uploads\/2018\/03\/KellySwartz-books2.jpg","contentUrl":"https:\/\/awokenbeauty.com\/wp-content\/uploads\/2018\/03\/KellySwartz-books2.jpg","width":2000,"height":889,"caption":"Kelly Swartz books"},{"@type":"BreadcrumbList","@id":"https:\/\/awokenbeauty.com\/es\/quien-soy\/#breadcrumb","itemListElement":[{"@type":"ListItem","position":1,"name":"Home","item":"https:\/\/awokenbeauty.com\/es\/"},{"@type":"ListItem","position":2,"name":"Qui\u00e9n soy"}]},{"@type":"WebSite","@id":"https:\/\/awokenbeauty.com\/#website","url":"https:\/\/awokenbeauty.com\/","name":"Awoken Beauty","description":"Holistic Health Coach","publisher":{"@id":"https:\/\/awokenbeauty.com\/#organization"},"potentialAction":[{"@type":"SearchAction","target":{"@type":"EntryPoint","urlTemplate":"https:\/\/awokenbeauty.com\/?s={search_term_string}"},"query-input":{"@type":"PropertyValueSpecification","valueRequired":true,"valueName":"search_term_string"}}],"inLanguage":"es"},{"@type":"Organization","@id":"https:\/\/awokenbeauty.com\/#organization","name":"Awoken Beauty","url":"https:\/\/awokenbeauty.com\/","logo":{"@type":"ImageObject","inLanguage":"es","@id":"https:\/\/awokenbeauty.com\/#\/schema\/logo\/image\/","url":"https:\/\/awokenbeauty.com\/wp-content\/uploads\/2018\/02\/awoken-beauty-logo.png","contentUrl":"https:\/\/awokenbeauty.com\/wp-content\/uploads\/2018\/02\/awoken-beauty-logo.png","width":380,"height":110,"caption":"Awoken Beauty"},"image":{"@id":"https:\/\/awokenbeauty.com\/#\/schema\/logo\/image\/"},"sameAs":["https:\/\/www.facebook.com\/awokenbeauty\/?fref=ts","https:\/\/x.com\/awokenbeauty","https:\/\/www.instagram.com\/awokenbeauty","https:\/\/www.youtube.com\/channel\/UC5N43tCH2VEA0NnWcXTaWvQ"]}]}},"jetpack_shortlink":"https:\/\/wp.me\/P8IjBD-y","jetpack_sharing_enabled":true,"_links":{"self":[{"href":"https:\/\/awokenbeauty.com\/es\/wp-json\/wp\/v2\/pages\/34","targetHints":{"allow":["GET"]}}],"collection":[{"href":"https:\/\/awokenbeauty.com\/es\/wp-json\/wp\/v2\/pages"}],"about":[{"href":"https:\/\/awokenbeauty.com\/es\/wp-json\/wp\/v2\/types\/page"}],"author":[{"embeddable":true,"href":"https:\/\/awokenbeauty.com\/es\/wp-json\/wp\/v2\/users\/9"}],"replies":[{"embeddable":true,"href":"https:\/\/awokenbeauty.com\/es\/wp-json\/wp\/v2\/comments?post=34"}],"version-history":[{"count":0,"href":"https:\/\/awokenbeauty.com\/es\/wp-json\/wp\/v2\/pages\/34\/revisions"}],"wp:featuredmedia":[{"embeddable":true,"href":"https:\/\/awokenbeauty.com\/es\/wp-json\/wp\/v2\/media\/848"}],"wp:attachment":[{"href":"https:\/\/awokenbeauty.com\/es\/wp-json\/wp\/v2\/media?parent=34"}],"curies":[{"name":"wp","href":"https:\/\/api.w.org\/{rel}","templated":true}]}}